{"id":3,"date":"2025-04-24T08:18:19","date_gmt":"2025-04-24T08:18:19","guid":{"rendered":"https:\/\/boules.btg-communication.fr\/?page_id=3"},"modified":"2025-10-28T08:50:00","modified_gmt":"2025-10-28T08:50:00","slug":"privacy-policy","status":"publish","type":"page","link":"https:\/\/boules.btg-communication.fr\/?page_id=3","title":{"rendered":"Mentions l\u00e9gales"},"content":{"rendered":"\t\t<div data-elementor-type=\"wp-page\" data-elementor-id=\"3\" class=\"elementor elementor-3\" data-elementor-post-type=\"page\">\n\t\t\t\t<div class=\"elementor-element elementor-element-e22d99c e-flex e-con-boxed e-con e-parent\" data-id=\"e22d99c\" data-element_type=\"container\">\n\t\t\t\t\t<div class=\"e-con-inner\">\n\t\t\t\t<div class=\"elementor-element elementor-element-8ca43f0 elementor-widget elementor-widget-text-editor\" data-id=\"8ca43f0\" data-element_type=\"widget\" data-widget_type=\"text-editor.default\">\n\t\t\t\t<div class=\"elementor-widget-container\">\n\t\t\t\t\t\t\t\t\t<h1 data-start=\"0\" data-end=\"63\"><strong data-start=\"0\" data-end=\"20\">Mentions l\u00e9gales<\/strong><br data-start=\"20\" data-end=\"23\" \/><strong data-start=\"23\" data-end=\"63\">Association des Boules Muzillacaises<\/strong><\/h1><h2 data-start=\"65\" data-end=\"250\">\u00a0<\/h2><h2 data-start=\"65\" data-end=\"250\"><strong data-start=\"65\" data-end=\"94\">1. Informations g\u00e9n\u00e9rales<\/strong><\/h2><p data-start=\"65\" data-end=\"250\">Le pr\u00e9sent site est \u00e9dit\u00e9 par :<br data-start=\"128\" data-end=\"131\" \/>Association des Boules Muzillacaises<br data-start=\"167\" data-end=\"170\" \/>Association r\u00e9gie par la loi du 1er juillet 1901 et le d\u00e9cret du 16 ao\u00fbt 1901.<\/p><p data-start=\"252\" data-end=\"396\">Si\u00e8ge social : 56190 Muzillac \u2013 France<br data-start=\"290\" data-end=\"293\" \/>Pr\u00e9sident : M. Gilles LE NOURY<br data-start=\"323\" data-end=\"326\" \/>T\u00e9l\u00e9phone : 06 34 22 65 85<br data-start=\"352\" data-end=\"355\" \/>E-mail : <a class=\"decorated-link cursor-pointer\" rel=\"noopener\" data-start=\"364\" data-end=\"394\">boulesmuzillacaises@outlook.fr<\/a><\/p><h2 data-start=\"398\" data-end=\"557\"><strong data-start=\"398\" data-end=\"424\">2. H\u00e9bergement du site<\/strong><\/h2><p data-start=\"398\" data-end=\"557\"><br data-start=\"424\" data-end=\"427\" \/>Le site est h\u00e9berg\u00e9 par :<br data-start=\"452\" data-end=\"455\" \/>OVH SAS<br data-start=\"462\" data-end=\"465\" \/>2 rue Kellermann \u2013 59100 Roubaix \u2013 France<br data-start=\"506\" data-end=\"509\" \/>T\u00e9l. : 09 72 10 10 07<br data-start=\"530\" data-end=\"533\" \/>Site web : <a class=\"decorated-link cursor-pointer\" target=\"_new\" rel=\"noopener\" data-start=\"544\" data-end=\"555\" data-is-only-node=\"\">www.ovh.com<\/a><\/p><p data-start=\"398\" data-end=\"557\">\u00a0<\/p><h2 data-start=\"559\" data-end=\"690\"><strong data-start=\"559\" data-end=\"592\">3. Responsable de publication<\/strong><\/h2><p data-start=\"559\" data-end=\"690\"><br data-start=\"592\" data-end=\"595\" \/>Responsable de la publication : M. Gilles LE NOURY<br data-start=\"645\" data-end=\"648\" \/>Contact : <a class=\"decorated-link cursor-pointer\" rel=\"noopener\" data-start=\"658\" data-end=\"688\">boulesmuzillacaises@outlook.fr<\/a><\/p><p data-start=\"692\" data-end=\"1083\">\u00a0<\/p><h2 data-start=\"692\" data-end=\"1083\"><strong data-start=\"692\" data-end=\"723\">4. Propri\u00e9t\u00e9 intellectuelle<\/strong><\/h2><p data-start=\"692\" data-end=\"1083\"><br data-start=\"723\" data-end=\"726\" \/>L\u2019ensemble du contenu pr\u00e9sent sur le site (textes, photographies, \u00e9l\u00e9ments graphiques, etc.) appartient \u00e0 l\u2019Association des Boules Muzillacaises ou \u00e0 leurs auteurs respectifs.<br data-start=\"901\" data-end=\"904\" \/>Toute utilisation non autoris\u00e9e du contenu du site est susceptible de constituer une contrefa\u00e7on au sens des articles L.335-2 et suivants du Code de la propri\u00e9t\u00e9 intellectuelle.<\/p><p data-start=\"692\" data-end=\"1083\">\u00a0<\/p><h2 data-start=\"1085\" data-end=\"1371\"><strong data-start=\"1085\" data-end=\"1112\">5. Donn\u00e9es personnelles<\/strong><\/h2><p data-start=\"1085\" data-end=\"1371\"><br data-start=\"1112\" data-end=\"1115\" \/>Le site de l\u2019Association des Boules Muzillacaises ne collecte aucune donn\u00e9e personnelle et ne comporte aucun formulaire de contact, espace membre ni inscription \u00e0 une newsletter.<br data-start=\"1293\" data-end=\"1296\" \/>Aucune information nominative n\u2019est enregistr\u00e9e ni transmise \u00e0 des tiers.<\/p><p data-start=\"1085\" data-end=\"1371\">\u00a0<\/p><h2 data-start=\"1373\" data-end=\"1497\"><strong data-start=\"1373\" data-end=\"1387\">6. Cookies<\/strong><\/h2><p data-start=\"1373\" data-end=\"1497\"><br data-start=\"1387\" data-end=\"1390\" \/>Le site ne d\u00e9pose aucun cookie autre que ceux strictement n\u00e9cessaires \u00e0 son bon fonctionnement technique.<\/p><p data-start=\"1373\" data-end=\"1497\">\u00a0<\/p><h2 data-start=\"1499\" data-end=\"1865\"><strong data-start=\"1499\" data-end=\"1534\">7. Limitation de responsabilit\u00e9<\/strong><\/h2><p data-start=\"1499\" data-end=\"1865\" data-is-last-node=\"\" data-is-only-node=\"\"><br data-start=\"1534\" data-end=\"1537\" \/>L\u2019Association des Boules Muzillacaises s\u2019efforce d\u2019assurer l\u2019exactitude des informations diffus\u00e9es sur son site. Toutefois, elle ne saurait \u00eatre tenue responsable d\u2019erreurs ou d\u2019omissions, ni d\u2019une interruption de service ou de probl\u00e8mes techniques.<br data-start=\"1786\" data-end=\"1789\" \/>L\u2019utilisation du site se fait sous la seule responsabilit\u00e9 de l\u2019utilisateur.<\/p>\t\t\t\t\t\t\t\t<\/div>\n\t\t\t\t<\/div>\n\t\t\t\t\t<\/div>\n\t\t\t\t<\/div>\n\t\t\t\t<\/div>\n\t\t","protected":false},"excerpt":{"rendered":"<p>Mentions l\u00e9galesAssociation des Boules Muzillacaises \u00a0 1. Informations g\u00e9n\u00e9rales Le pr\u00e9sent site est \u00e9dit\u00e9 par :Association des Boules MuzillacaisesAssociation r\u00e9gie par la loi du 1er juillet 1901 et le d\u00e9cret du 16 ao\u00fbt 1901. Si\u00e8ge social : 56190 Muzillac \u2013 FrancePr\u00e9sident : M. Gilles LE NOURYT\u00e9l\u00e9phone : 06 34 22 65 85E-mail : boulesmuzillacaises@outlook.fr 2. [&hellip;]<\/p>\n","protected":false},"author":1,"featured_media":0,"parent":0,"menu_order":0,"comment_status":"closed","ping_status":"open","template":"","meta":{"inline_featured_image":false,"footnotes":""},"class_list":["post-3","page","type-page","status-publish","hentry"],"yoast_head":"<!-- This site is optimized with the Yoast SEO plugin v26.6 - https:\/\/yoast.com\/wordpress\/plugins\/seo\/ -->\n<title>Mentions l\u00e9gales - ABM<\/title>\n<meta name=\"robots\" content=\"noindex, follow, max-snippet:-1, max-image-preview:large, max-video-preview:-1\" \/>\n<meta property=\"og:locale\" content=\"fr_FR\" \/>\n<meta property=\"og:type\" content=\"article\" \/>\n<meta property=\"og:title\" content=\"Mentions l\u00e9gales - ABM\" \/>\n<meta property=\"og:description\" content=\"Mentions l\u00e9galesAssociation des Boules Muzillacaises \u00a0 1. Informations g\u00e9n\u00e9rales Le pr\u00e9sent site est \u00e9dit\u00e9 par :Association des Boules MuzillacaisesAssociation r\u00e9gie par la loi du 1er juillet 1901 et le d\u00e9cret du 16 ao\u00fbt 1901. Si\u00e8ge social : 56190 Muzillac \u2013 FrancePr\u00e9sident : M. Gilles LE NOURYT\u00e9l\u00e9phone : 06 34 22 65 85E-mail : boulesmuzillacaises@outlook.fr 2. [&hellip;]\" \/>\n<meta property=\"og:url\" content=\"https:\/\/boules.btg-communication.fr\/?page_id=3\" \/>\n<meta property=\"og:site_name\" content=\"ABM\" \/>\n<meta property=\"article:modified_time\" content=\"2025-10-28T08:50:00+00:00\" \/>\n<meta name=\"twitter:card\" content=\"summary_large_image\" \/>\n<meta name=\"twitter:label1\" content=\"Dur\u00e9e de lecture estim\u00e9e\" \/>\n\t<meta name=\"twitter:data1\" content=\"2 minutes\" \/>\n<script type=\"application\/ld+json\" class=\"yoast-schema-graph\">{\"@context\":\"https:\/\/schema.org\",\"@graph\":[{\"@type\":\"WebPage\",\"@id\":\"https:\/\/boules.btg-communication.fr\/?page_id=3\",\"url\":\"https:\/\/boules.btg-communication.fr\/?page_id=3\",\"name\":\"Mentions l\u00e9gales - ABM\",\"isPartOf\":{\"@id\":\"https:\/\/boules.btg-communication.fr\/#website\"},\"datePublished\":\"2025-04-24T08:18:19+00:00\",\"dateModified\":\"2025-10-28T08:50:00+00:00\",\"breadcrumb\":{\"@id\":\"https:\/\/boules.btg-communication.fr\/?page_id=3#breadcrumb\"},\"inLanguage\":\"fr-FR\",\"potentialAction\":[{\"@type\":\"ReadAction\",\"target\":[\"https:\/\/boules.btg-communication.fr\/?page_id=3\"]}]},{\"@type\":\"BreadcrumbList\",\"@id\":\"https:\/\/boules.btg-communication.fr\/?page_id=3#breadcrumb\",\"itemListElement\":[{\"@type\":\"ListItem\",\"position\":1,\"name\":\"Accueil\",\"item\":\"https:\/\/boules.btg-communication.fr\/\"},{\"@type\":\"ListItem\",\"position\":2,\"name\":\"Mentions l\u00e9gales\"}]},{\"@type\":\"WebSite\",\"@id\":\"https:\/\/boules.btg-communication.fr\/#website\",\"url\":\"https:\/\/boules.btg-communication.fr\/\",\"name\":\"ABM - Association de boules Muzillacaise\",\"description\":\"Association des boules Muzillacaise\",\"publisher\":{\"@id\":\"https:\/\/boules.btg-communication.fr\/#organization\"},\"potentialAction\":[{\"@type\":\"SearchAction\",\"target\":{\"@type\":\"EntryPoint\",\"urlTemplate\":\"https:\/\/boules.btg-communication.fr\/?s={search_term_string}\"},\"query-input\":{\"@type\":\"PropertyValueSpecification\",\"valueRequired\":true,\"valueName\":\"search_term_string\"}}],\"inLanguage\":\"fr-FR\"},{\"@type\":\"Organization\",\"@id\":\"https:\/\/boules.btg-communication.fr\/#organization\",\"name\":\"ABM\",\"url\":\"https:\/\/boules.btg-communication.fr\/\",\"logo\":{\"@type\":\"ImageObject\",\"inLanguage\":\"fr-FR\",\"@id\":\"https:\/\/boules.btg-communication.fr\/#\/schema\/logo\/image\/\",\"url\":\"https:\/\/boules.btg-communication.fr\/wp-content\/uploads\/2025\/04\/logo-ABM.png\",\"contentUrl\":\"https:\/\/boules.btg-communication.fr\/wp-content\/uploads\/2025\/04\/logo-ABM.png\",\"width\":600,\"height\":557,\"caption\":\"ABM\"},\"image\":{\"@id\":\"https:\/\/boules.btg-communication.fr\/#\/schema\/logo\/image\/\"}}]}<\/script>\n<!-- \/ Yoast SEO plugin. -->","yoast_head_json":{"title":"Mentions l\u00e9gales - ABM","robots":{"index":"noindex","follow":"follow","max-snippet":"max-snippet:-1","max-image-preview":"max-image-preview:large","max-video-preview":"max-video-preview:-1"},"og_locale":"fr_FR","og_type":"article","og_title":"Mentions l\u00e9gales - ABM","og_description":"Mentions l\u00e9galesAssociation des Boules Muzillacaises \u00a0 1. Informations g\u00e9n\u00e9rales Le pr\u00e9sent site est \u00e9dit\u00e9 par :Association des Boules MuzillacaisesAssociation r\u00e9gie par la loi du 1er juillet 1901 et le d\u00e9cret du 16 ao\u00fbt 1901. Si\u00e8ge social : 56190 Muzillac \u2013 FrancePr\u00e9sident : M. Gilles LE NOURYT\u00e9l\u00e9phone : 06 34 22 65 85E-mail : boulesmuzillacaises@outlook.fr 2. [&hellip;]","og_url":"https:\/\/boules.btg-communication.fr\/?page_id=3","og_site_name":"ABM","article_modified_time":"2025-10-28T08:50:00+00:00","twitter_card":"summary_large_image","twitter_misc":{"Dur\u00e9e de lecture estim\u00e9e":"2 minutes"},"schema":{"@context":"https:\/\/schema.org","@graph":[{"@type":"WebPage","@id":"https:\/\/boules.btg-communication.fr\/?page_id=3","url":"https:\/\/boules.btg-communication.fr\/?page_id=3","name":"Mentions l\u00e9gales - ABM","isPartOf":{"@id":"https:\/\/boules.btg-communication.fr\/#website"},"datePublished":"2025-04-24T08:18:19+00:00","dateModified":"2025-10-28T08:50:00+00:00","breadcrumb":{"@id":"https:\/\/boules.btg-communication.fr\/?page_id=3#breadcrumb"},"inLanguage":"fr-FR","potentialAction":[{"@type":"ReadAction","target":["https:\/\/boules.btg-communication.fr\/?page_id=3"]}]},{"@type":"BreadcrumbList","@id":"https:\/\/boules.btg-communication.fr\/?page_id=3#breadcrumb","itemListElement":[{"@type":"ListItem","position":1,"name":"Accueil","item":"https:\/\/boules.btg-communication.fr\/"},{"@type":"ListItem","position":2,"name":"Mentions l\u00e9gales"}]},{"@type":"WebSite","@id":"https:\/\/boules.btg-communication.fr\/#website","url":"https:\/\/boules.btg-communication.fr\/","name":"ABM - Association de boules Muzillacaise","description":"Association des boules Muzillacaise","publisher":{"@id":"https:\/\/boules.btg-communication.fr\/#organization"},"potentialAction":[{"@type":"SearchAction","target":{"@type":"EntryPoint","urlTemplate":"https:\/\/boules.btg-communication.fr\/?s={search_term_string}"},"query-input":{"@type":"PropertyValueSpecification","valueRequired":true,"valueName":"search_term_string"}}],"inLanguage":"fr-FR"},{"@type":"Organization","@id":"https:\/\/boules.btg-communication.fr\/#organization","name":"ABM","url":"https:\/\/boules.btg-communication.fr\/","logo":{"@type":"ImageObject","inLanguage":"fr-FR","@id":"https:\/\/boules.btg-communication.fr\/#\/schema\/logo\/image\/","url":"https:\/\/boules.btg-communication.fr\/wp-content\/uploads\/2025\/04\/logo-ABM.png","contentUrl":"https:\/\/boules.btg-communication.fr\/wp-content\/uploads\/2025\/04\/logo-ABM.png","width":600,"height":557,"caption":"ABM"},"image":{"@id":"https:\/\/boules.btg-communication.fr\/#\/schema\/logo\/image\/"}}]}},"_links":{"self":[{"href":"https:\/\/boules.btg-communication.fr\/index.php?rest_route=\/wp\/v2\/pages\/3","targetHints":{"allow":["GET"]}}],"collection":[{"href":"https:\/\/boules.btg-communication.fr\/index.php?rest_route=\/wp\/v2\/pages"}],"about":[{"href":"https:\/\/boules.btg-communication.fr\/index.php?rest_route=\/wp\/v2\/types\/page"}],"author":[{"embeddable":true,"href":"https:\/\/boules.btg-communication.fr\/index.php?rest_route=\/wp\/v2\/users\/1"}],"replies":[{"embeddable":true,"href":"https:\/\/boules.btg-communication.fr\/index.php?rest_route=%2Fwp%2Fv2%2Fcomments&post=3"}],"version-history":[{"count":7,"href":"https:\/\/boules.btg-communication.fr\/index.php?rest_route=\/wp\/v2\/pages\/3\/revisions"}],"predecessor-version":[{"id":534,"href":"https:\/\/boules.btg-communication.fr\/index.php?rest_route=\/wp\/v2\/pages\/3\/revisions\/534"}],"wp:attachment":[{"href":"https:\/\/boules.btg-communication.fr\/index.php?rest_route=%2Fwp%2Fv2%2Fmedia&parent=3"}],"curies":[{"name":"wp","href":"https:\/\/api.w.org\/{rel}","templated":true}]}}